{"id":19550,"date":"2022-10-21T08:22:36","date_gmt":"2022-10-21T12:22:36","guid":{"rendered":"https:\/\/cliniquesmedicaleslacroix.com\/?page_id=19550"},"modified":"2025-03-10T13:20:28","modified_gmt":"2025-03-10T17:20:28","slug":"floride","status":"publish","type":"page","link":"https:\/\/cliniquesmedicaleslacroix.com\/fr\/floride\/","title":{"rendered":"M\u00e9decine priv\u00e9e Lacroix en Floride"},"content":{"rendered":"<div class=\"wpb-content-wrapper\"><p>[vc_row css_animation=&#8221;&#8221; row_type=&#8221;row&#8221; use_row_as_full_screen_section=&#8221;no&#8221; type=&#8221;grid&#8221; angled_section=&#8221;no&#8221; text_align=&#8221;left&#8221; background_image_as_pattern=&#8221;without_pattern&#8221; z_index=&#8221;&#8221;][vc_column][vc_column_text]<\/p>\n<h3>Laissez-nous vos coordonn\u00e9es et nous vous contacterons !<\/h3>\n<p>[\/vc_column_text]<div class=\"wpforms-container wpforms-container-full\" id=\"wpforms-19558\"><form id=\"wpforms-form-19558\" class=\"wpforms-validate wpforms-form wpforms-ajax-form\" data-formid=\"19558\" method=\"post\" enctype=\"multipart\/form-data\" action=\"\/fr\/wp-json\/wp\/v2\/pages\/19550\" data-token=\"d57f30d9c8109970b247fa6fa2936c9d\" data-token-time=\"1776952725\"><noscript class=\"wpforms-error-noscript\">Veuillez activer JavaScript dans votre navigateur pour remplir ce formulaire.<\/noscript><div class=\"wpforms-field-container\"><div id=\"wpforms-19558-field_0-container\" class=\"wpforms-field wpforms-field-name\" data-field-id=\"0\"><label class=\"wpforms-field-label\">Nom <span class=\"wpforms-required-label\">*<\/span><\/label><div class=\"wpforms-field-row wpforms-field-medium\"><div class=\"wpforms-field-row-block wpforms-first wpforms-one-half\"><input type=\"text\" id=\"wpforms-19558-field_0\" class=\"wpforms-field-name-first wpforms-field-required\" name=\"wpforms[fields][0][first]\" required><label for=\"wpforms-19558-field_0\" class=\"wpforms-field-sublabel after\">Pr\u00e9nom<\/label><\/div><div class=\"wpforms-field-row-block wpforms-one-half\"><input type=\"text\" id=\"wpforms-19558-field_0-last\" class=\"wpforms-field-name-last wpforms-field-required\" name=\"wpforms[fields][0][last]\" required><label for=\"wpforms-19558-field_0-last\" class=\"wpforms-field-sublabel after\">Nom<\/label><\/div><\/div><\/div><div id=\"wpforms-19558-field_1-container\" class=\"wpforms-field wpforms-field-email\" data-field-id=\"1\"><label class=\"wpforms-field-label\" for=\"wpforms-19558-field_1\">E-mail <span class=\"wpforms-required-label\">*<\/span><\/label><input type=\"email\" id=\"wpforms-19558-field_1\" class=\"wpforms-field-medium wpforms-field-required\" name=\"wpforms[fields][1]\" spellcheck=\"false\" required><\/div><div id=\"wpforms-19558-field_5-container\" class=\"wpforms-field wpforms-field-phone\" data-field-id=\"5\"><label class=\"wpforms-field-label\" for=\"wpforms-19558-field_5\">T\u00e9l\u00e9phone<\/label><input type=\"tel\" id=\"wpforms-19558-field_5\" class=\"wpforms-field-medium wpforms-smart-phone-field\" data-rule-smart-phone-field=\"true\" name=\"wpforms[fields][5]\" aria-label=\"T\u00e9l\u00e9phone\" ><\/div><div id=\"wpforms-19558-field_4-container\" class=\"wpforms-field wpforms-field-text\" data-field-id=\"4\"><label class=\"wpforms-field-label\" for=\"wpforms-19558-field_4\">Adresse de votre clinique en Floride<\/label><input type=\"text\" id=\"wpforms-19558-field_4\" class=\"wpforms-field-medium\" name=\"wpforms[fields][4]\" ><\/div><div id=\"wpforms-19558-field_2-container\" class=\"wpforms-field wpforms-field-textarea\" data-field-id=\"2\"><label class=\"wpforms-field-label\" for=\"wpforms-19558-field_2\">Commentaire ou message<\/label><textarea id=\"wpforms-19558-field_2\" class=\"wpforms-field-medium\" name=\"wpforms[fields][2]\" ><\/textarea><\/div><\/div><!-- .wpforms-field-container --><div class=\"wpforms-submit-container\" ><input type=\"hidden\" name=\"wpforms[id]\" value=\"19558\"><input type=\"hidden\" name=\"page_title\" value=\"\"><input type=\"hidden\" name=\"page_url\" value=\"https:\/\/cliniquesmedicaleslacroix.com\/fr\/wp-json\/wp\/v2\/pages\/19550\"><input type=\"hidden\" name=\"url_referer\" value=\"\"><button type=\"submit\" name=\"wpforms[submit]\" id=\"wpforms-submit-19558\" class=\"wpforms-submit\" data-alt-text=\"Envoi...\" data-submit-text=\"Envoyer\" aria-live=\"assertive\" value=\"wpforms-submit\">Envoyer<\/button><img decoding=\"async\" src=\"https:\/\/cliniquesmedicaleslacroix.com\/wp-content\/plugins\/wpforms\/assets\/images\/submit-spin.svg\" class=\"wpforms-submit-spinner\" style=\"display: none;\" width=\"26\" height=\"26\" alt=\"Chargement en cours\"><\/div><\/form><\/div>  <!-- .wpforms-container -->[vc_empty_space height=&#8221;62px&#8221;][\/vc_column][\/vc_row]<\/p>\n<\/div>","protected":false},"excerpt":{"rendered":"<p>[vc_row css_animation=&#8221;&#8221; row_type=&#8221;row&#8221; use_row_as_full_screen_section=&#8221;no&#8221; type=&#8221;grid&#8221; angled_section=&#8221;no&#8221; text_align=&#8221;left&#8221; background_image_as_pattern=&#8221;without_pattern&#8221; z_index=&#8221;&#8221;][vc_column][vc_column_text] Laissez-nous vos coordonn\u00e9es et nous vous contacterons ! [\/vc_column_text][vc_empty_space height=&#8221;62px&#8221;][\/vc_column][\/vc_row]<\/p>\n","protected":false},"author":6,"featured_media":0,"parent":0,"menu_order":0,"comment_status":"closed","ping_status":"closed","template":"full_width.php","meta":{"inline_featured_image":false,"om_disable_all_campaigns":false,"_monsterinsights_skip_tracking":false,"_monsterinsights_sitenote_active":false,"_monsterinsights_sitenote_note":"","_monsterinsights_sitenote_category":0,"footnotes":""},"class_list":["post-19550","page","type-page","status-publish","hentry"],"aioseo_notices":[],"yoast_head":"<!-- This site is optimized with the Yoast SEO Premium plugin v26.1 (Yoast SEO v27.4) - https:\/\/yoast.com\/product\/yoast-seo-premium-wordpress\/ -->\n<title>M\u00e9decine priv\u00e9e Lacroix en Floride - Cliniques m\u00e9dicales Lacroix<\/title>\n<meta name=\"robots\" content=\"index, follow, max-snippet:-1, max-image-preview:large, max-video-preview:-1\" \/>\n<link rel=\"canonical\" href=\"https:\/\/cliniquesmedicaleslacroix.com\/fr\/floride\/\" \/>\n<meta property=\"og:locale\" content=\"fr_FR\" \/>\n<meta property=\"og:type\" content=\"article\" \/>\n<meta property=\"og:title\" content=\"Service de psychiatrie en clinique priv\u00e9e\" \/>\n<meta property=\"og:description\" content=\"Le psychiatre se consacre \u00e0 l\u2019\u00e9valuation, le diagnostic, la pr\u00e9vention et aux traitements des maladies mentales. Assurez-vous d&#039;un acc\u00e8s rapide et efficace \u00e0 cette sp\u00e9cialit\u00e9 m\u00e9dicale avec les Cliniques M\u00e9dicales Lacroix.\" \/>\n<meta property=\"og:url\" content=\"https:\/\/cliniquesmedicaleslacroix.com\/fr\/floride\/\" \/>\n<meta property=\"og:site_name\" content=\"Cliniques m\u00e9dicales Lacroix\" \/>\n<meta property=\"article:publisher\" content=\"https:\/\/www.facebook.com\/cliniquesmedicaleslacroix\/\" \/>\n<meta property=\"article:modified_time\" content=\"2025-03-10T17:20:28+00:00\" \/>\n<meta property=\"og:image\" content=\"https:\/\/cliniquesmedicaleslacroix.com\/wp-content\/uploads\/2020\/07\/facebook.jpg\" \/>\n\t<meta property=\"og:image:width\" content=\"1200\" \/>\n\t<meta property=\"og:image:height\" content=\"630\" \/>\n\t<meta property=\"og:image:type\" content=\"image\/jpeg\" \/>\n<meta name=\"twitter:card\" content=\"summary_large_image\" \/>\n<meta name=\"twitter:title\" content=\"M\u00e9decine priv\u00e9e Lacroix en Floride\" \/>\n<meta name=\"twitter:label1\" content=\"Dur\u00e9e de lecture estim\u00e9e\" \/>\n\t<meta name=\"twitter:data1\" content=\"1 minute\" \/>\n<script type=\"application\/ld+json\" class=\"yoast-schema-graph\">{\"@context\":\"https:\\\/\\\/schema.org\",\"@graph\":[{\"@type\":\"WebPage\",\"@id\":\"https:\\\/\\\/cliniquesmedicaleslacroix.com\\\/fr\\\/floride\\\/\",\"url\":\"https:\\\/\\\/cliniquesmedicaleslacroix.com\\\/fr\\\/floride\\\/\",\"name\":\"M\u00e9decine priv\u00e9e Lacroix en Floride - Cliniques m\u00e9dicales Lacroix\",\"isPartOf\":{\"@id\":\"https:\\\/\\\/cliniquesmedicaleslacroix.com\\\/fr\\\/#website\"},\"datePublished\":\"2022-10-21T12:22:36+00:00\",\"dateModified\":\"2025-03-10T17:20:28+00:00\",\"breadcrumb\":{\"@id\":\"https:\\\/\\\/cliniquesmedicaleslacroix.com\\\/fr\\\/floride\\\/#breadcrumb\"},\"inLanguage\":\"fr-FR\",\"potentialAction\":[{\"@type\":\"ReadAction\",\"target\":[\"https:\\\/\\\/cliniquesmedicaleslacroix.com\\\/fr\\\/floride\\\/\"]}]},{\"@type\":\"BreadcrumbList\",\"@id\":\"https:\\\/\\\/cliniquesmedicaleslacroix.com\\\/fr\\\/floride\\\/#breadcrumb\",\"itemListElement\":[{\"@type\":\"ListItem\",\"position\":1,\"name\":\"Accueil\",\"item\":\"https:\\\/\\\/cliniquesmedicaleslacroix.com\\\/fr\\\/\"},{\"@type\":\"ListItem\",\"position\":2,\"name\":\"M\u00e9decine priv\u00e9e Lacroix en Floride\"}]},{\"@type\":\"WebSite\",\"@id\":\"https:\\\/\\\/cliniquesmedicaleslacroix.com\\\/fr\\\/#website\",\"url\":\"https:\\\/\\\/cliniquesmedicaleslacroix.com\\\/fr\\\/\",\"name\":\"Cliniques m\u00e9dicales Lacroix\",\"description\":\"Prioriser la sant\u00e9\",\"potentialAction\":[{\"@type\":\"SearchAction\",\"target\":{\"@type\":\"EntryPoint\",\"urlTemplate\":\"https:\\\/\\\/cliniquesmedicaleslacroix.com\\\/fr\\\/?s={search_term_string}\"},\"query-input\":{\"@type\":\"PropertyValueSpecification\",\"valueRequired\":true,\"valueName\":\"search_term_string\"}}],\"inLanguage\":\"fr-FR\"}]}<\/script>\n<!-- \/ Yoast SEO Premium plugin. -->","yoast_head_json":{"title":"M\u00e9decine priv\u00e9e Lacroix en Floride - Cliniques m\u00e9dicales Lacroix","robots":{"index":"index","follow":"follow","max-snippet":"max-snippet:-1","max-image-preview":"max-image-preview:large","max-video-preview":"max-video-preview:-1"},"canonical":"https:\/\/cliniquesmedicaleslacroix.com\/fr\/floride\/","og_locale":"fr_FR","og_type":"article","og_title":"Service de psychiatrie en clinique priv\u00e9e","og_description":"Le psychiatre se consacre \u00e0 l\u2019\u00e9valuation, le diagnostic, la pr\u00e9vention et aux traitements des maladies mentales. Assurez-vous d'un acc\u00e8s rapide et efficace \u00e0 cette sp\u00e9cialit\u00e9 m\u00e9dicale avec les Cliniques M\u00e9dicales Lacroix.","og_url":"https:\/\/cliniquesmedicaleslacroix.com\/fr\/floride\/","og_site_name":"Cliniques m\u00e9dicales Lacroix","article_publisher":"https:\/\/www.facebook.com\/cliniquesmedicaleslacroix\/","article_modified_time":"2025-03-10T17:20:28+00:00","og_image":[{"width":1200,"height":630,"url":"https:\/\/cliniquesmedicaleslacroix.com\/wp-content\/uploads\/2020\/07\/facebook.jpg","type":"image\/jpeg"}],"twitter_card":"summary_large_image","twitter_title":"M\u00e9decine priv\u00e9e Lacroix en Floride","twitter_misc":{"Dur\u00e9e de lecture estim\u00e9e":"1 minute"},"schema":{"@context":"https:\/\/schema.org","@graph":[{"@type":"WebPage","@id":"https:\/\/cliniquesmedicaleslacroix.com\/fr\/floride\/","url":"https:\/\/cliniquesmedicaleslacroix.com\/fr\/floride\/","name":"M\u00e9decine priv\u00e9e Lacroix en Floride - Cliniques m\u00e9dicales Lacroix","isPartOf":{"@id":"https:\/\/cliniquesmedicaleslacroix.com\/fr\/#website"},"datePublished":"2022-10-21T12:22:36+00:00","dateModified":"2025-03-10T17:20:28+00:00","breadcrumb":{"@id":"https:\/\/cliniquesmedicaleslacroix.com\/fr\/floride\/#breadcrumb"},"inLanguage":"fr-FR","potentialAction":[{"@type":"ReadAction","target":["https:\/\/cliniquesmedicaleslacroix.com\/fr\/floride\/"]}]},{"@type":"BreadcrumbList","@id":"https:\/\/cliniquesmedicaleslacroix.com\/fr\/floride\/#breadcrumb","itemListElement":[{"@type":"ListItem","position":1,"name":"Accueil","item":"https:\/\/cliniquesmedicaleslacroix.com\/fr\/"},{"@type":"ListItem","position":2,"name":"M\u00e9decine priv\u00e9e Lacroix en Floride"}]},{"@type":"WebSite","@id":"https:\/\/cliniquesmedicaleslacroix.com\/fr\/#website","url":"https:\/\/cliniquesmedicaleslacroix.com\/fr\/","name":"Cliniques m\u00e9dicales Lacroix","description":"Prioriser la sant\u00e9","potentialAction":[{"@type":"SearchAction","target":{"@type":"EntryPoint","urlTemplate":"https:\/\/cliniquesmedicaleslacroix.com\/fr\/?s={search_term_string}"},"query-input":{"@type":"PropertyValueSpecification","valueRequired":true,"valueName":"search_term_string"}}],"inLanguage":"fr-FR"}]}},"_links":{"self":[{"href":"https:\/\/cliniquesmedicaleslacroix.com\/fr\/wp-json\/wp\/v2\/pages\/19550","targetHints":{"allow":["GET"]}}],"collection":[{"href":"https:\/\/cliniquesmedicaleslacroix.com\/fr\/wp-json\/wp\/v2\/pages"}],"about":[{"href":"https:\/\/cliniquesmedicaleslacroix.com\/fr\/wp-json\/wp\/v2\/types\/page"}],"author":[{"embeddable":true,"href":"https:\/\/cliniquesmedicaleslacroix.com\/fr\/wp-json\/wp\/v2\/users\/6"}],"replies":[{"embeddable":true,"href":"https:\/\/cliniquesmedicaleslacroix.com\/fr\/wp-json\/wp\/v2\/comments?post=19550"}],"version-history":[{"count":0,"href":"https:\/\/cliniquesmedicaleslacroix.com\/fr\/wp-json\/wp\/v2\/pages\/19550\/revisions"}],"wp:attachment":[{"href":"https:\/\/cliniquesmedicaleslacroix.com\/fr\/wp-json\/wp\/v2\/media?parent=19550"}],"curies":[{"name":"wp","href":"https:\/\/api.w.org\/{rel}","templated":true}]}}