{"id":17485,"date":"2022-02-22T10:27:15","date_gmt":"2022-02-22T15:27:15","guid":{"rendered":"https:\/\/cliniquesmedicaleslacroix.com\/?page_id=17485"},"modified":"2025-03-30T16:51:40","modified_gmt":"2025-03-30T20:51:40","slug":"orthopedie","status":"publish","type":"page","link":"https:\/\/cliniquesmedicaleslacroix.com\/fr\/services\/medecine-specialisee\/orthopedie\/","title":{"rendered":"Orthop\u00e9die"},"content":{"rendered":"<div class=\"wpb-content-wrapper\"><p>[vc_row css_animation=&#8221;&#8221; row_type=&#8221;row&#8221; use_row_as_full_screen_section=&#8221;no&#8221; type=&#8221;grid&#8221; angled_section=&#8221;no&#8221; text_align=&#8221;left&#8221; background_image_as_pattern=&#8221;without_pattern&#8221; padding_top=&#8221;119&#8243; padding_bottom=&#8221;87&#8243; z_index=&#8221;&#8221; css=&#8221;.vc_custom_1515745451587{background-color: #ffffff !important;}&#8221;][vc_column offset=&#8221;vc_col-md-6&#8243;][vc_separator type=&#8221;transparent&#8221; up=&#8221;-18&#8243;][vc_column_text]<\/p>\n<h1>Consultation en orthop\u00e9die priv\u00e9e<\/h1>\n<h3>Pour la prise en charge des maladies du syst\u00e8me musculo-squelettique<\/h3>\n<p>[\/vc_column_text][vc_separator type=&#8221;small&#8221; position=&#8221;left&#8221; color=&#8221;#cd2122&#8243; thickness=&#8221;4&#8243; width=&#8221;48&#8243; up=&#8221;17&#8243; down=&#8221;27&#8243;][vc_column_text]Le syst\u00e8me musculo-squelettique regroupe les os, les articulations, les ligaments, les muscles, les tendons et les nerfs. L\u2019orthop\u00e9die est une sp\u00e9cialit\u00e9 chirurgicale qui s\u2019int\u00e9resse au diagnostic et \u00e0 la prise en charge de l\u2019appareil locomoteur. En fonction des sympt\u00f4mes \u00e9prouv\u00e9s, certaines affections peuvent \u00eatre trait\u00e9es de fa\u00e7on non-chirurgicale (prise de m\u00e9dicaments, infiltrations, r\u00e9adaptation, etc.). Autant les membres inf\u00e9rieurs (hanche, genou et pied) que les membres sup\u00e9rieurs (\u00e9paule, coude et main) peuvent \u00eatre soign\u00e9s.[\/vc_column_text][vc_empty_space height=&#8221;20px&#8221;][\/vc_column][vc_column offset=&#8221;vc_col-md-6&#8243;][vc_empty_space height=&#8221;40px&#8221;][vc_single_image image=&#8221;17489&#8243; img_size=&#8221;full&#8221; alignment=&#8221;center&#8221; qode_css_animation=&#8221;&#8221;][vc_empty_space height=&#8221;30px&#8221;][\/vc_column][\/vc_row][vc_row css_animation=&#8221;&#8221; row_type=&#8221;row&#8221; use_row_as_full_screen_section=&#8221;no&#8221; type=&#8221;grid&#8221; angled_section=&#8221;no&#8221; text_align=&#8221;left&#8221; background_image_as_pattern=&#8221;without_pattern&#8221; padding_top=&#8221;60&#8243; padding_bottom=&#8221;87&#8243; z_index=&#8221;&#8221; css=&#8221;.vc_custom_1681873564192{margin-bottom: -100px !important;background-color: #ffffff !important;}&#8221;][vc_column offset=&#8221;vc_col-md-6&#8243;][vc_video link=&#8221;https:\/\/youtu.be\/pwv_ArEYkvg&#8221;][vc_empty_space height=&#8221;10px&#8221;][\/vc_column][vc_column offset=&#8221;vc_col-md-6&#8243;][vc_empty_space height=&#8221;36px&#8221;][vc_column_text]<\/p>\n<h4>Dr Philippe Dahan, chirurgien orthop\u00e9diste, parle de l&#8217;arthrose du genou.<\/h4>\n<p>[\/vc_column_text][vc_empty_space height=&#8221;36px&#8221;][\/vc_column][\/vc_row][vc_row css_animation=&#8221;&#8221; row_type=&#8221;row&#8221; use_row_as_full_screen_section=&#8221;no&#8221; type=&#8221;grid&#8221; angled_section=&#8221;no&#8221; text_align=&#8221;left&#8221; background_image_as_pattern=&#8221;without_pattern&#8221; padding_top=&#8221;119&#8243; padding_bottom=&#8221;87&#8243; z_index=&#8221;&#8221; css=&#8221;.vc_custom_1681873513025{margin-top: -60px !important;margin-bottom: 30px !important;background-color: #ffffff !important;}&#8221;][vc_column][vc_column_text css=&#8221;.vc_custom_1652105255610{margin-top: 60px !important;margin-bottom: 60px !important;border-top-width: 2px !important;border-right-width: 2px !important;border-bottom-width: 2px !important;border-left-width: 2px !important;padding-top: 20px !important;padding-right: 30px !important;padding-bottom: 20px !important;padding-left: 30px !important;border-left-color: #cccccc !important;border-left-style: solid !important;border-right-color: #cccccc !important;border-right-style: solid !important;border-top-color: #cccccc !important;border-top-style: solid !important;border-bottom-color: #cccccc !important;border-bottom-style: solid !important;border-radius: 15px !important;}&#8221;]<\/p>\n<h3><strong>Le saviez-vous?<\/strong><\/h3>\n<h4>Lorsque vous \u00eates membre Lacroix, <strong>vous pouvez en tout temps \u00e9changer deux de vos consultations en m\u00e9decine familiale contre une consultation en m\u00e9decine sp\u00e9cialis\u00e9e*<\/strong>. Pour plus d&#8217;information sur nos formules sant\u00e9 ou pour b\u00e9n\u00e9ficier de cet avantage et r\u00e9server votre rendez-vous, appelez-nous au 1 855 841-1911.<\/h4>\n<p><span style=\"color: #ffffff;\">&#8212;<\/span><br \/>\n<em>* Pour toutes les sp\u00e9cialit\u00e9s \u00e0 l&#8217;exception de la neurologie et la psychiatrie.<\/em>[\/vc_column_text][\/vc_column][\/vc_row][vc_row css_animation=&#8221;&#8221; row_type=&#8221;row&#8221; use_row_as_full_screen_section=&#8221;no&#8221; type=&#8221;full_width&#8221; angled_section=&#8221;no&#8221; text_align=&#8221;center&#8221; background_image_as_pattern=&#8221;without_pattern&#8221; z_index=&#8221;&#8221; css=&#8221;.vc_custom_1525533395041{background-color: #ecebeb !important;}&#8221;][vc_column css=&#8221;.vc_custom_1524505892683{margin-top: -4% !important;}&#8221;][qode_elements_holder number_of_columns=&#8221;two_columns&#8221; columns_proportion=&#8221;33_66&#8243;][qode_elements_holder_item background_image=&#8221;17495&#8243; cover=&#8221;yes&#8221; advanced_animations=&#8221;no&#8221;][\/qode_elements_holder_item][qode_elements_holder_item background_color=&#8221;#ececed&#8221; background_image=&#8221;460&#8243; item_padding=&#8221;21% 22% 23.2% 16%&#8221; horizontal_alignment=&#8221;left&#8221; advanced_animations=&#8221;no&#8221; item_padding_1280_1440=&#8221;74px 40px 127px 65px&#8221; item_padding_1024_1280=&#8221;50px 40px 111px 40px&#8221; item_padding_768_1024=&#8221;20px 30px 18px 30px&#8221; item_padding_600_768=&#8221;100px 120px 100px 50px&#8221; item_padding_480_600=&#8221;100px 40px 100px 65px&#8221; item_padding_480=&#8221;30px 30px 80px 30px&#8221;][vc_column_text]<\/p>\n<h3>Affections qui peuvent \u00eatre adress\u00e9es en consultation orthop\u00e9dique<\/h3>\n<p>[\/vc_column_text][vc_separator type=&#8221;small&#8221; position=&#8221;left&#8221; color=&#8221;#cd2122&#8243;][vc_column_text css=&#8221;&#8221;]<\/p>\n<ul>\n<li>Entorses<\/li>\n<li>Fractures<\/li>\n<li>Luxations<\/li>\n<li>Hernies discales<\/li>\n<li>Douleurs ligamentaires<\/li>\n<li>Arthrose<\/li>\n<li>Tumeurs osseuses<\/li>\n<li>Anomalies de croissance (scoliose, cyphose)<\/li>\n<li>Malformations cong\u00e9nitales<\/li>\n<li>Etc.<\/li>\n<\/ul>\n<p>&nbsp;<\/p>\n<p><strong>NOTRE \u00c9QUIPE D\u2019ORTHOP\u00c9DISTES<\/strong><\/p>\n<p><strong><br \/>\nBoucherville<\/strong><\/p>\n<ul>\n<li>Dr Farshid Bamdadian, chirurgien orthop\u00e9diste<\/li>\n<li>Dr Charles-Antoine Dion, chirurgien orthop\u00e9diste<\/li>\n<\/ul>\n<p>&nbsp;<\/p>\n<p><strong>Laval<\/strong><\/p>\n<ul>\n<li>Dr Philippe Dahan, chirurgien orthop\u00e9diste<\/li>\n<li>Dr Maxime Gaudreault, chirurgien orthop\u00e9diste<\/li>\n<\/ul>\n<p>&nbsp;<\/p>\n<p><strong>Qu\u00e9bec<\/strong><\/p>\n<ul>\n<li>Dr Richard Lirette, chirurgien orthop\u00e9diste<\/li>\n<li>Dr Fran\u00e7ois Morin, chirurgien orthop\u00e9diste<\/li>\n<li>Dre Virginie Gauvreau, chirurgienne orthop\u00e9diste<\/li>\n<li>Dre Mich\u00e8le Angers, chirurgienne orthop\u00e9diste<\/li>\n<li>Dr Jean-Thomas Leclerc, chirurgien orthop\u00e9diste<\/li>\n<li>Dre Anne-Marie B\u00e9dard, chirurgienne orthop\u00e9diste<\/li>\n<li>Dr Mathieu Angers-Goulet, chirurgien orthop\u00e9diste<\/li>\n<\/ul>\n<p>[\/vc_column_text][\/qode_elements_holder_item][\/qode_elements_holder][\/vc_column][\/vc_row][vc_row css_animation=&#8221;&#8221; row_type=&#8221;row&#8221; use_row_as_full_screen_section=&#8221;no&#8221; type=&#8221;full_width&#8221; angled_section=&#8221;no&#8221; text_align=&#8221;left&#8221; background_image_as_pattern=&#8221;without_pattern&#8221; background_color=&#8221;#cd2122&#8243; padding_top=&#8221;7&#8243; padding_bottom=&#8221;2&#8243; css=&#8221;.vc_custom_1529336030381{background-color: #9d0c0d !important;}&#8221; z_index=&#8221;&#8221;][vc_column]<div class=\"container_inner\"><div class=\"call_to_action normal\" style=\"background-color: #9d0c0d;\"><div class=\"two_columns_75_25 clearfix\"><div class=\"text_wrapper column1\"><div class=\"call_to_action_text \" style=\"\">\n<h2 class=\"white\">Communiquez avec nous d\u00e8s maintenant pour obtenir une consultation en orthop\u00e9die.<\/h2>\n<\/div><\/div><div class=\"button_wrapper column2\"><a itemprop=\"url\" href=\"\/nous-joindre\/\" class=\"qbutton white \" target=\"_self\" style=\"color: #1a1a1a;border-color: #ffffff;background-color: #ffffff;\"data-hover-background-color=#1a1a1a data-hover-border-color=#1a1a1a data-hover-color=#ffffff>Nous joindre<\/a><\/div><\/div><\/div><\/div>[\/vc_column][\/vc_row]<\/p>\n<\/div>","protected":false},"excerpt":{"rendered":"<p>[vc_row css_animation=&#8221;&#8221; row_type=&#8221;row&#8221; use_row_as_full_screen_section=&#8221;no&#8221; type=&#8221;grid&#8221; angled_section=&#8221;no&#8221; text_align=&#8221;left&#8221; background_image_as_pattern=&#8221;without_pattern&#8221; padding_top=&#8221;119&#8243; padding_bottom=&#8221;87&#8243; z_index=&#8221;&#8221; css=&#8221;.vc_custom_1515745451587{background-color: #ffffff !important;}&#8221;][vc_column offset=&#8221;vc_col-md-6&#8243;][vc_separator type=&#8221;transparent&#8221; up=&#8221;-18&#8243;][vc_column_text] Consultation en orthop\u00e9die&#8230;<\/p>\n","protected":false},"author":6,"featured_media":0,"parent":1542,"menu_order":0,"comment_status":"closed","ping_status":"closed","template":"full_width.php","meta":{"inline_featured_image":false,"om_disable_all_campaigns":false,"_monsterinsights_skip_tracking":false,"_monsterinsights_sitenote_active":false,"_monsterinsights_sitenote_note":"","_monsterinsights_sitenote_category":0,"footnotes":""},"class_list":["post-17485","page","type-page","status-publish","hentry"],"aioseo_notices":[],"yoast_head":"<!-- This site is optimized with the Yoast SEO Premium plugin v26.1 (Yoast SEO v27.4) - https:\/\/yoast.com\/product\/yoast-seo-premium-wordpress\/ -->\n<title>Orthop\u00e9die - Cliniques m\u00e9dicales Lacroix<\/title>\n<meta name=\"description\" content=\"Un service personnalis\u00e9 et humain de cardiologie en clinique priv\u00e9e \u00e0 Laval. Contactez Lacroix M\u00e9decine Priv\u00e9e pour en savoir plus.\" \/>\n<meta name=\"robots\" content=\"index, follow, max-snippet:-1, max-image-preview:large, max-video-preview:-1\" \/>\n<link rel=\"canonical\" href=\"https:\/\/cliniquesmedicaleslacroix.com\/fr\/services\/medecine-specialisee\/orthopedie\/\" \/>\n<meta property=\"og:locale\" content=\"fr_FR\" \/>\n<meta property=\"og:type\" content=\"article\" \/>\n<meta property=\"og:title\" content=\"Orthop\u00e9die\" \/>\n<meta property=\"og:description\" content=\"Un service personnalis\u00e9 et humain de cardiologie en clinique priv\u00e9e \u00e0 Laval. Contactez Lacroix M\u00e9decine Priv\u00e9e pour en savoir plus.\" \/>\n<meta property=\"og:url\" content=\"https:\/\/cliniquesmedicaleslacroix.com\/fr\/services\/medecine-specialisee\/orthopedie\/\" \/>\n<meta property=\"og:site_name\" content=\"Cliniques m\u00e9dicales Lacroix\" \/>\n<meta property=\"article:publisher\" content=\"https:\/\/www.facebook.com\/cliniquesmedicaleslacroix\/\" \/>\n<meta property=\"article:modified_time\" content=\"2025-03-30T20:51:40+00:00\" \/>\n<meta property=\"og:image\" content=\"https:\/\/cliniquesmedicaleslacroix.com\/wp-content\/uploads\/2018\/05\/family-1.jpg\" \/>\n\t<meta property=\"og:image:width\" content=\"1000\" \/>\n\t<meta property=\"og:image:height\" content=\"708\" \/>\n\t<meta property=\"og:image:type\" content=\"image\/jpeg\" \/>\n<meta name=\"twitter:card\" content=\"summary_large_image\" \/>\n<meta name=\"twitter:label1\" content=\"Dur\u00e9e de lecture estim\u00e9e\" \/>\n\t<meta name=\"twitter:data1\" content=\"3 minutes\" \/>\n<script type=\"application\/ld+json\" class=\"yoast-schema-graph\">{\"@context\":\"https:\\\/\\\/schema.org\",\"@graph\":[{\"@type\":\"WebPage\",\"@id\":\"https:\\\/\\\/cliniquesmedicaleslacroix.com\\\/fr\\\/services\\\/medecine-specialisee\\\/orthopedie\\\/\",\"url\":\"https:\\\/\\\/cliniquesmedicaleslacroix.com\\\/fr\\\/services\\\/medecine-specialisee\\\/orthopedie\\\/\",\"name\":\"Orthop\u00e9die - Cliniques m\u00e9dicales Lacroix\",\"isPartOf\":{\"@id\":\"https:\\\/\\\/cliniquesmedicaleslacroix.com\\\/fr\\\/#website\"},\"datePublished\":\"2022-02-22T15:27:15+00:00\",\"dateModified\":\"2025-03-30T20:51:40+00:00\",\"description\":\"Un service personnalis\u00e9 et humain de cardiologie en clinique priv\u00e9e \u00e0 Laval. Contactez Lacroix M\u00e9decine Priv\u00e9e pour en savoir plus.\",\"breadcrumb\":{\"@id\":\"https:\\\/\\\/cliniquesmedicaleslacroix.com\\\/fr\\\/services\\\/medecine-specialisee\\\/orthopedie\\\/#breadcrumb\"},\"inLanguage\":\"fr-FR\",\"potentialAction\":[{\"@type\":\"ReadAction\",\"target\":[\"https:\\\/\\\/cliniquesmedicaleslacroix.com\\\/fr\\\/services\\\/medecine-specialisee\\\/orthopedie\\\/\"]}]},{\"@type\":\"BreadcrumbList\",\"@id\":\"https:\\\/\\\/cliniquesmedicaleslacroix.com\\\/fr\\\/services\\\/medecine-specialisee\\\/orthopedie\\\/#breadcrumb\",\"itemListElement\":[{\"@type\":\"ListItem\",\"position\":1,\"name\":\"Accueil\",\"item\":\"https:\\\/\\\/cliniquesmedicaleslacroix.com\\\/fr\\\/\"},{\"@type\":\"ListItem\",\"position\":2,\"name\":\"Services\",\"item\":\"https:\\\/\\\/cliniquesmedicaleslacroix.com\\\/fr\\\/services\\\/\"},{\"@type\":\"ListItem\",\"position\":3,\"name\":\"M\u00e9decine sp\u00e9cialis\u00e9e\",\"item\":\"https:\\\/\\\/cliniquesmedicaleslacroix.com\\\/fr\\\/services\\\/medecine-specialisee\\\/\"},{\"@type\":\"ListItem\",\"position\":4,\"name\":\"Orthop\u00e9die\"}]},{\"@type\":\"WebSite\",\"@id\":\"https:\\\/\\\/cliniquesmedicaleslacroix.com\\\/fr\\\/#website\",\"url\":\"https:\\\/\\\/cliniquesmedicaleslacroix.com\\\/fr\\\/\",\"name\":\"Cliniques m\u00e9dicales Lacroix\",\"description\":\"Prioriser la sant\u00e9\",\"potentialAction\":[{\"@type\":\"SearchAction\",\"target\":{\"@type\":\"EntryPoint\",\"urlTemplate\":\"https:\\\/\\\/cliniquesmedicaleslacroix.com\\\/fr\\\/?s={search_term_string}\"},\"query-input\":{\"@type\":\"PropertyValueSpecification\",\"valueRequired\":true,\"valueName\":\"search_term_string\"}}],\"inLanguage\":\"fr-FR\"}]}<\/script>\n<!-- \/ Yoast SEO Premium plugin. -->","yoast_head_json":{"title":"Orthop\u00e9die - Cliniques m\u00e9dicales Lacroix","description":"Un service personnalis\u00e9 et humain de cardiologie en clinique priv\u00e9e \u00e0 Laval. Contactez Lacroix M\u00e9decine Priv\u00e9e pour en savoir plus.","robots":{"index":"index","follow":"follow","max-snippet":"max-snippet:-1","max-image-preview":"max-image-preview:large","max-video-preview":"max-video-preview:-1"},"canonical":"https:\/\/cliniquesmedicaleslacroix.com\/fr\/services\/medecine-specialisee\/orthopedie\/","og_locale":"fr_FR","og_type":"article","og_title":"Orthop\u00e9die","og_description":"Un service personnalis\u00e9 et humain de cardiologie en clinique priv\u00e9e \u00e0 Laval. Contactez Lacroix M\u00e9decine Priv\u00e9e pour en savoir plus.","og_url":"https:\/\/cliniquesmedicaleslacroix.com\/fr\/services\/medecine-specialisee\/orthopedie\/","og_site_name":"Cliniques m\u00e9dicales Lacroix","article_publisher":"https:\/\/www.facebook.com\/cliniquesmedicaleslacroix\/","article_modified_time":"2025-03-30T20:51:40+00:00","og_image":[{"width":1000,"height":708,"url":"https:\/\/cliniquesmedicaleslacroix.com\/wp-content\/uploads\/2018\/05\/family-1.jpg","type":"image\/jpeg"}],"twitter_card":"summary_large_image","twitter_misc":{"Dur\u00e9e de lecture estim\u00e9e":"3 minutes"},"schema":{"@context":"https:\/\/schema.org","@graph":[{"@type":"WebPage","@id":"https:\/\/cliniquesmedicaleslacroix.com\/fr\/services\/medecine-specialisee\/orthopedie\/","url":"https:\/\/cliniquesmedicaleslacroix.com\/fr\/services\/medecine-specialisee\/orthopedie\/","name":"Orthop\u00e9die - Cliniques m\u00e9dicales Lacroix","isPartOf":{"@id":"https:\/\/cliniquesmedicaleslacroix.com\/fr\/#website"},"datePublished":"2022-02-22T15:27:15+00:00","dateModified":"2025-03-30T20:51:40+00:00","description":"Un service personnalis\u00e9 et humain de cardiologie en clinique priv\u00e9e \u00e0 Laval. Contactez Lacroix M\u00e9decine Priv\u00e9e pour en savoir plus.","breadcrumb":{"@id":"https:\/\/cliniquesmedicaleslacroix.com\/fr\/services\/medecine-specialisee\/orthopedie\/#breadcrumb"},"inLanguage":"fr-FR","potentialAction":[{"@type":"ReadAction","target":["https:\/\/cliniquesmedicaleslacroix.com\/fr\/services\/medecine-specialisee\/orthopedie\/"]}]},{"@type":"BreadcrumbList","@id":"https:\/\/cliniquesmedicaleslacroix.com\/fr\/services\/medecine-specialisee\/orthopedie\/#breadcrumb","itemListElement":[{"@type":"ListItem","position":1,"name":"Accueil","item":"https:\/\/cliniquesmedicaleslacroix.com\/fr\/"},{"@type":"ListItem","position":2,"name":"Services","item":"https:\/\/cliniquesmedicaleslacroix.com\/fr\/services\/"},{"@type":"ListItem","position":3,"name":"M\u00e9decine sp\u00e9cialis\u00e9e","item":"https:\/\/cliniquesmedicaleslacroix.com\/fr\/services\/medecine-specialisee\/"},{"@type":"ListItem","position":4,"name":"Orthop\u00e9die"}]},{"@type":"WebSite","@id":"https:\/\/cliniquesmedicaleslacroix.com\/fr\/#website","url":"https:\/\/cliniquesmedicaleslacroix.com\/fr\/","name":"Cliniques m\u00e9dicales Lacroix","description":"Prioriser la sant\u00e9","potentialAction":[{"@type":"SearchAction","target":{"@type":"EntryPoint","urlTemplate":"https:\/\/cliniquesmedicaleslacroix.com\/fr\/?s={search_term_string}"},"query-input":{"@type":"PropertyValueSpecification","valueRequired":true,"valueName":"search_term_string"}}],"inLanguage":"fr-FR"}]}},"_links":{"self":[{"href":"https:\/\/cliniquesmedicaleslacroix.com\/fr\/wp-json\/wp\/v2\/pages\/17485","targetHints":{"allow":["GET"]}}],"collection":[{"href":"https:\/\/cliniquesmedicaleslacroix.com\/fr\/wp-json\/wp\/v2\/pages"}],"about":[{"href":"https:\/\/cliniquesmedicaleslacroix.com\/fr\/wp-json\/wp\/v2\/types\/page"}],"author":[{"embeddable":true,"href":"https:\/\/cliniquesmedicaleslacroix.com\/fr\/wp-json\/wp\/v2\/users\/6"}],"replies":[{"embeddable":true,"href":"https:\/\/cliniquesmedicaleslacroix.com\/fr\/wp-json\/wp\/v2\/comments?post=17485"}],"version-history":[{"count":2,"href":"https:\/\/cliniquesmedicaleslacroix.com\/fr\/wp-json\/wp\/v2\/pages\/17485\/revisions"}],"predecessor-version":[{"id":30642,"href":"https:\/\/cliniquesmedicaleslacroix.com\/fr\/wp-json\/wp\/v2\/pages\/17485\/revisions\/30642"}],"up":[{"embeddable":true,"href":"https:\/\/cliniquesmedicaleslacroix.com\/fr\/wp-json\/wp\/v2\/pages\/1542"}],"wp:attachment":[{"href":"https:\/\/cliniquesmedicaleslacroix.com\/fr\/wp-json\/wp\/v2\/media?parent=17485"}],"curies":[{"name":"wp","href":"https:\/\/api.w.org\/{rel}","templated":true}]}}